{"id":13919,"date":"2024-03-12T16:40:33","date_gmt":"2024-03-12T16:40:33","guid":{"rendered":"https:\/\/www.territoires-audacieux.fr\/GrandBergeracois\/?page_id=13919"},"modified":"2024-09-27T11:26:38","modified_gmt":"2024-09-27T11:26:38","slug":"villages-avenir-grand-bergeracois-laureats-communes-aide-solutions","status":"publish","type":"page","link":"https:\/\/www.territoires-audacieux.fr\/GrandBergeracois\/villages-avenir-grand-bergeracois-laureats-communes-aide-solutions\/","title":{"rendered":"Villages d\u2019avenir en Grand Bergeracois : comment les communes laur\u00e9ates comptent se saisir du dispositif"},"content":{"rendered":"\n<h1 class=\"wp-block-heading has-text-align-center\">Villages d\u2019avenir en Grand Bergeracois : comment les communes laur\u00e9ates comptent se saisir du dispositif<\/h1>\n\n\n<div class=\"wp-block-image\">\n<figure class=\"aligncenter size-full\"><img fetchpriority=\"high\" decoding=\"async\" width=\"1920\" height=\"1080\" src=\"https:\/\/www.territoires-audacieux.fr\/GrandBergeracois\/wp-content\/uploads\/2024\/03\/illustr-villages-avenir-dordogne-2.jpg\" alt=\"Image d'illustration d'un village du Grand Bergeracois.\" class=\"wp-image-13923\" srcset=\"https:\/\/www.territoires-audacieux.fr\/GrandBergeracois\/wp-content\/uploads\/2024\/03\/illustr-villages-avenir-dordogne-2.jpg 1920w, https:\/\/www.territoires-audacieux.fr\/GrandBergeracois\/wp-content\/uploads\/2024\/03\/illustr-villages-avenir-dordogne-2-768x432.jpg 768w, https:\/\/www.territoires-audacieux.fr\/GrandBergeracois\/wp-content\/uploads\/2024\/03\/illustr-villages-avenir-dordogne-2-1536x864.jpg 1536w\" sizes=\"(max-width: 1920px) 100vw, 1920px\" \/><\/figure><\/div>\n\n\n<p><\/p>\n\n\n\n<p><strong><em>Fin 2023, le label Villages d\u2019avenir a \u00e9t\u00e9 d\u00e9cern\u00e9 par le Minist\u00e8re des collectivit\u00e9s et de la ruralit\u00e9 \u00e0 45 communes de Dordogne, dont huit en Grand Bergeracois. Ce programme, lanc\u00e9 dans le cadre du plan France Ruralit\u00e9s, vise \u00e0 accompagner les communes de moins de 3 500 habitants dans la r\u00e9alisation de projet de d\u00e9veloppement.<\/em><\/strong><\/p>\n\n\n\n<p><\/p>\n\n\n\n<p>En 2018, le plan Action C\u0153ur de ville est venu en aide aux villes moyennes, telles que Bergerac. En 2020, le programme Petites villes de demain \u00e9tait destin\u00e9 aux communes de moins de 20 000 habitants. \u00c0 l\u2019exception de celles situ\u00e9es en p\u00e9riph\u00e9rie des agglom\u00e9rations. Les villages ruraux inclus dans la communaut\u00e9 d\u2019agglom\u00e9ration bergeracoise (CAB) pouvaient ainsi se sentir mis \u00e0 l\u2019\u00e9cart des grands plans d\u2019aide nationaux. \u201c<i>Par exemple, Eymet a pu pr\u00e9tendre <\/i>[au programme Petites villes de demain]<i> alors que La Force non, m\u00eame si elle a environ le m\u00eame nombre d\u2019habitants<\/i>, se souvient Serge Pradier, maire de La Force. <i>Mais comme nous faisons partie d\u2019une communaut\u00e9 d\u2019agglom\u00e9ration, nous n\u2019y avons pas eu droit.<\/i>\u201d<\/p>\n\n\n\n<p><\/p>\n\n\n\n<h2 class=\"wp-block-heading\">\u201cUn \u0153il neuf\u201d sur les projets de territoire<\/h2>\n\n\n\n<p><\/p>\n\n\n\n<p>Avec le programme Villages d\u2019avenir, la commune de La Force pourra donc dialoguer avec l\u2019un des 120 chefs de projet d\u00e9p\u00each\u00e9s par l\u2019Agence nationale de la coh\u00e9sion des territoires (ANCT). \u201c<i>C\u2019est bien d\u2019avoir un \u0153il neuf pour nous \u00e9pauler car on n\u2019est pas bons partout<\/i>\u201d, confie Pascal Delteil, maire de Gardonne. La commune de 1 620 habitants a candidat\u00e9 au programme pour restructurer le commerce local du centre-bourg. Autre enjeu principal : d\u00e9velopper la gare TER de Gardonne comme un v\u00e9ritable p\u00f4le multimodal en travaillant sur la s\u00e9curit\u00e9 et l\u2019am\u00e9nagement des parkings. \u201c<i>\u00c9norm\u00e9ment de monde prend le train, et c\u2019est bien. Mais la gare est submerg\u00e9e par les voitures<\/i>\u201d, constate l\u2019\u00e9dile gardonnais.<\/p>\n\n\n\n<p><\/p>\n\n\n\n<p>En dehors des deux secr\u00e9taires de l\u2019\u00e9quipe administrative, il est compliqu\u00e9 pour le maire ou pour les membres du conseil municipal de constituer les dossiers. \u201c<i>Aujourd\u2019hui, c\u2019est int\u00e9ressant d\u2019avoir l\u2019appui d\u2019un agent de l\u2019\u00c9tat pour demander des subventions bien pr\u00e9cises. Par exemple, pour le Fonds vert, c\u2019est compliqu\u00e9. Il faut se plonger dans des fiches techniques pointues.<\/i>\u201d Or, dans les petites communes telles que Gardonne ou La Force, les maires n\u2019occupent pas leur fonction \u00e0 plein temps.<\/p>\n\n\n\n<p><\/p>\n\n\n\n<h2 class=\"wp-block-heading\">Une expertise attendue, \u00e0 d\u00e9faut de subventions<\/h2>\n\n\n\n<p><\/p>\n\n\n\n<p>Pourtant, \u00e0 la date du 12 mars 2024, l\u2019attente est toujours en cours. Depuis le courrier de la pr\u00e9fecture re\u00e7u en d\u00e9but d\u2019ann\u00e9e, Michel Delfieux, maire de Mouleydier, n\u2019a \u201c<i>toujours pas eu de nouvelles de cette aide. Nous y pla\u00e7ons de grands espoirs pour nos projets de revitalisation du bourg et d\u2019am\u00e9nagements \u00e9cologiques li\u00e9s \u00e0 l\u2019\u00e9conomie d\u2019\u00e9nergie.<\/i>\u201d<\/p>\n\n\n\n<p><\/p>\n\n\n<div class=\"wp-block-image\">\n<figure class=\"aligncenter\"><img decoding=\"async\" src=\"https:\/\/www.territoires-audacieux.fr\/GrandBergeracois\/wp-content\/uploads\/2024\/03\/illustr-villages-avenir-dordogne-scaled.jpg\" alt=\"Entre for\u00eat et habitation, la Dordogne est munie de villages-paysages.\"\/><\/figure><\/div>\n\n\n<p><\/p>\n\n\n\n<p>De cette aide, Serge Pradier esp\u00e8re \u201c<i>une expertise<\/i>\u201d qui lui permettra d\u2019\u00e9viter de \u201c<i>monter des projets d\u2019\u00e9tudes avec des bureaux priv\u00e9s<\/i>\u201d, dont les services co\u00fbtent cher aux petites communes. Le programme Villages d\u2019avenir consolidera les actions municipales \u201c<i>dans l\u2019\u00e9tude technique d\u2019\u00e9laboration de nos projets\u201d. <\/i>Parmi les ambitions expos\u00e9es : r\u00e9am\u00e9nager le site sportif communal, r\u00e9nover le pavillon d\u2019un ch\u00e2teau historique et de l\u2019h\u00f4tel des Ducs et reconstruire le poste municipal de gendarmerie.<\/p>\n\n\n\n<p><\/p>\n\n\n\n<p>\u00c0 l\u2019inverse du dispositif Action C\u0153ur de Ville, il n\u2019octroie pas de fonds de d\u00e9veloppement suppl\u00e9mentaire mais apporte une \u201c<i>aide dans la recherche des financements<\/i>.\u201d Une nouvelle accueillie avec un soup\u00e7on de regret par Serge Pradier : \u201c<i>Une subvention est toujours la bienvenue. Car pour financer les projets d\u2019am\u00e9nagements communaux, soit nous d\u00e9gageons un exc\u00e9dent dans notre budget de fonctionnement, soit nous b\u00e9n\u00e9ficions de subventions, soit nous empruntons si on en a la capacit\u00e9.<\/i>\u201d<\/p>\n\n\n\n<p><\/p>\n\n\n\n<p>Selon Pascal Delteil, le programme Villages d\u2019avenir \u201c<i>peut \u00eatre une belle aventure d\u2019ing\u00e9nierie<\/i>\u201d. \u00c0 voir comment les communes laur\u00e9ates s\u2019en saisissent pour dynamiser le territoire du Grand Bergeracois. Car, \u00e0 date, les \u00e9quipes municipales attendent toujours la nomination officielle des experts d\u00e9di\u00e9s \u00e0 la Dordogne.<\/p>\n","protected":false},"excerpt":{"rendered":"<p>Villages d\u2019avenir en Grand Bergeracois : comment les communes laur\u00e9ates comptent se saisir du dispositif Fin 2023, le label Villages d\u2019avenir a \u00e9t\u00e9 d\u00e9cern\u00e9 par le Minist\u00e8re des collectivit\u00e9s et de la ruralit\u00e9 \u00e0 45 communes de Dordogne, dont huit en Grand Bergeracois. Ce programme, lanc\u00e9 dans le cadre du plan France Ruralit\u00e9s, vise \u00e0 [&hellip;]<\/p>\n","protected":false},"author":9,"featured_media":13923,"parent":0,"menu_order":0,"comment_status":"closed","ping_status":"closed","template":"","meta":{"footnotes":""},"categories":[1625,1632],"tags":[],"yoast_head":"<!-- This site is optimized with the Yoast SEO plugin v22.1 - https:\/\/yoast.com\/wordpress\/plugins\/seo\/ -->\n<title>Villages d&#039;avenir en Grand Bergeracois : les attentes des laur\u00e9ats<\/title>\n<meta name=\"description\" content=\"Villages d\u2019avenir en Grand Bergeracois : comment les laur\u00e9ats comptent s&#039;en saisir ?\" \/>\n<meta name=\"robots\" content=\"index, follow, max-snippet:-1, max-image-preview:large, max-video-preview:-1\" \/>\n<link rel=\"canonical\" href=\"https:\/\/www.territoires-audacieux.fr\/GrandBergeracois\/villages-avenir-grand-bergeracois-laureats-communes-aide-solutions\/\" \/>\n<meta property=\"og:locale\" content=\"fr_FR\" \/>\n<meta property=\"og:type\" content=\"article\" \/>\n<meta property=\"og:title\" content=\"Villages d&#039;avenir en Grand Bergeracois : les attentes des laur\u00e9ats\" \/>\n<meta property=\"og:description\" content=\"Villages d\u2019avenir en Grand Bergeracois : comment les laur\u00e9ats comptent s&#039;en saisir ?\" \/>\n<meta property=\"og:url\" content=\"https:\/\/www.territoires-audacieux.fr\/GrandBergeracois\/villages-avenir-grand-bergeracois-laureats-communes-aide-solutions\/\" \/>\n<meta property=\"og:site_name\" content=\"Territoires Audacieux\" \/>\n<meta property=\"article:modified_time\" content=\"2024-09-27T11:26:38+00:00\" \/>\n<meta property=\"og:image\" content=\"https:\/\/www.territoires-audacieux.fr\/GrandBergeracois\/wp-content\/uploads\/2024\/03\/illustr-villages-avenir-dordogne-2.jpg\" \/>\n\t<meta property=\"og:image:width\" content=\"1920\" \/>\n\t<meta property=\"og:image:height\" content=\"1080\" \/>\n\t<meta property=\"og:image:type\" content=\"image\/jpeg\" \/>\n<meta name=\"twitter:card\" content=\"summary_large_image\" \/>\n<meta name=\"twitter:label1\" content=\"Dur\u00e9e de lecture estim\u00e9e\" \/>\n\t<meta name=\"twitter:data1\" content=\"4 minutes\" \/>\n<script type=\"application\/ld+json\" class=\"yoast-schema-graph\">{\"@context\":\"https:\/\/schema.org\",\"@graph\":[{\"@type\":\"WebPage\",\"@id\":\"https:\/\/www.territoires-audacieux.fr\/GrandBergeracois\/villages-avenir-grand-bergeracois-laureats-communes-aide-solutions\/\",\"url\":\"https:\/\/www.territoires-audacieux.fr\/GrandBergeracois\/villages-avenir-grand-bergeracois-laureats-communes-aide-solutions\/\",\"name\":\"Villages d'avenir en Grand Bergeracois : les attentes des laur\u00e9ats\",\"isPartOf\":{\"@id\":\"https:\/\/www.territoires-audacieux.fr\/GrandBergeracois\/#website\"},\"datePublished\":\"2024-03-12T16:40:33+00:00\",\"dateModified\":\"2024-09-27T11:26:38+00:00\",\"description\":\"Villages d\u2019avenir en Grand Bergeracois : comment les laur\u00e9ats comptent s'en saisir ?\",\"breadcrumb\":{\"@id\":\"https:\/\/www.territoires-audacieux.fr\/GrandBergeracois\/villages-avenir-grand-bergeracois-laureats-communes-aide-solutions\/#breadcrumb\"},\"inLanguage\":\"fr-FR\",\"potentialAction\":[{\"@type\":\"ReadAction\",\"target\":[\"https:\/\/www.territoires-audacieux.fr\/GrandBergeracois\/villages-avenir-grand-bergeracois-laureats-communes-aide-solutions\/\"]}]},{\"@type\":\"BreadcrumbList\",\"@id\":\"https:\/\/www.territoires-audacieux.fr\/GrandBergeracois\/villages-avenir-grand-bergeracois-laureats-communes-aide-solutions\/#breadcrumb\",\"itemListElement\":[{\"@type\":\"ListItem\",\"position\":1,\"name\":\"Accueil\",\"item\":\"https:\/\/www.territoires-audacieux.fr\/GrandBergeracois\/\"},{\"@type\":\"ListItem\",\"position\":2,\"name\":\"Villages d\u2019avenir en Grand Bergeracois : comment les communes laur\u00e9ates comptent se saisir du dispositif\"}]},{\"@type\":\"WebSite\",\"@id\":\"https:\/\/www.territoires-audacieux.fr\/GrandBergeracois\/#website\",\"url\":\"https:\/\/www.territoires-audacieux.fr\/GrandBergeracois\/\",\"name\":\"Territoires Audacieux\",\"description\":\"M\u00e9dia des collectivit\u00e9s publiques audacieuses\",\"potentialAction\":[{\"@type\":\"SearchAction\",\"target\":{\"@type\":\"EntryPoint\",\"urlTemplate\":\"https:\/\/www.territoires-audacieux.fr\/GrandBergeracois\/?s={search_term_string}\"},\"query-input\":\"required name=search_term_string\"}],\"inLanguage\":\"fr-FR\"}]}<\/script>\n<!-- \/ Yoast SEO plugin. -->","yoast_head_json":{"title":"Villages d'avenir en Grand Bergeracois : les attentes des laur\u00e9ats","description":"Villages d\u2019avenir en Grand Bergeracois : comment les laur\u00e9ats comptent s'en saisir ?","robots":{"index":"index","follow":"follow","max-snippet":"max-snippet:-1","max-image-preview":"max-image-preview:large","max-video-preview":"max-video-preview:-1"},"canonical":"https:\/\/www.territoires-audacieux.fr\/GrandBergeracois\/villages-avenir-grand-bergeracois-laureats-communes-aide-solutions\/","og_locale":"fr_FR","og_type":"article","og_title":"Villages d'avenir en Grand Bergeracois : les attentes des laur\u00e9ats","og_description":"Villages d\u2019avenir en Grand Bergeracois : comment les laur\u00e9ats comptent s'en saisir ?","og_url":"https:\/\/www.territoires-audacieux.fr\/GrandBergeracois\/villages-avenir-grand-bergeracois-laureats-communes-aide-solutions\/","og_site_name":"Territoires Audacieux","article_modified_time":"2024-09-27T11:26:38+00:00","og_image":[{"width":1920,"height":1080,"url":"https:\/\/www.territoires-audacieux.fr\/GrandBergeracois\/wp-content\/uploads\/2024\/03\/illustr-villages-avenir-dordogne-2.jpg","type":"image\/jpeg"}],"twitter_card":"summary_large_image","twitter_misc":{"Dur\u00e9e de lecture estim\u00e9e":"4 minutes"},"schema":{"@context":"https:\/\/schema.org","@graph":[{"@type":"WebPage","@id":"https:\/\/www.territoires-audacieux.fr\/GrandBergeracois\/villages-avenir-grand-bergeracois-laureats-communes-aide-solutions\/","url":"https:\/\/www.territoires-audacieux.fr\/GrandBergeracois\/villages-avenir-grand-bergeracois-laureats-communes-aide-solutions\/","name":"Villages d'avenir en Grand Bergeracois : les attentes des laur\u00e9ats","isPartOf":{"@id":"https:\/\/www.territoires-audacieux.fr\/GrandBergeracois\/#website"},"datePublished":"2024-03-12T16:40:33+00:00","dateModified":"2024-09-27T11:26:38+00:00","description":"Villages d\u2019avenir en Grand Bergeracois : comment les laur\u00e9ats comptent s'en saisir ?","breadcrumb":{"@id":"https:\/\/www.territoires-audacieux.fr\/GrandBergeracois\/villages-avenir-grand-bergeracois-laureats-communes-aide-solutions\/#breadcrumb"},"inLanguage":"fr-FR","potentialAction":[{"@type":"ReadAction","target":["https:\/\/www.territoires-audacieux.fr\/GrandBergeracois\/villages-avenir-grand-bergeracois-laureats-communes-aide-solutions\/"]}]},{"@type":"BreadcrumbList","@id":"https:\/\/www.territoires-audacieux.fr\/GrandBergeracois\/villages-avenir-grand-bergeracois-laureats-communes-aide-solutions\/#breadcrumb","itemListElement":[{"@type":"ListItem","position":1,"name":"Accueil","item":"https:\/\/www.territoires-audacieux.fr\/GrandBergeracois\/"},{"@type":"ListItem","position":2,"name":"Villages d\u2019avenir en Grand Bergeracois : comment les communes laur\u00e9ates comptent se saisir du dispositif"}]},{"@type":"WebSite","@id":"https:\/\/www.territoires-audacieux.fr\/GrandBergeracois\/#website","url":"https:\/\/www.territoires-audacieux.fr\/GrandBergeracois\/","name":"Territoires Audacieux","description":"M\u00e9dia des collectivit\u00e9s publiques audacieuses","potentialAction":[{"@type":"SearchAction","target":{"@type":"EntryPoint","urlTemplate":"https:\/\/www.territoires-audacieux.fr\/GrandBergeracois\/?s={search_term_string}"},"query-input":"required name=search_term_string"}],"inLanguage":"fr-FR"}]}},"_links":{"self":[{"href":"https:\/\/www.territoires-audacieux.fr\/GrandBergeracois\/wp-json\/wp\/v2\/pages\/13919"}],"collection":[{"href":"https:\/\/www.territoires-audacieux.fr\/GrandBergeracois\/wp-json\/wp\/v2\/pages"}],"about":[{"href":"https:\/\/www.territoires-audacieux.fr\/GrandBergeracois\/wp-json\/wp\/v2\/types\/page"}],"author":[{"embeddable":true,"href":"https:\/\/www.territoires-audacieux.fr\/GrandBergeracois\/wp-json\/wp\/v2\/users\/9"}],"replies":[{"embeddable":true,"href":"https:\/\/www.territoires-audacieux.fr\/GrandBergeracois\/wp-json\/wp\/v2\/comments?post=13919"}],"version-history":[{"count":5,"href":"https:\/\/www.territoires-audacieux.fr\/GrandBergeracois\/wp-json\/wp\/v2\/pages\/13919\/revisions"}],"predecessor-version":[{"id":13926,"href":"https:\/\/www.territoires-audacieux.fr\/GrandBergeracois\/wp-json\/wp\/v2\/pages\/13919\/revisions\/13926"}],"wp:featuredmedia":[{"embeddable":true,"href":"https:\/\/www.territoires-audacieux.fr\/GrandBergeracois\/wp-json\/wp\/v2\/media\/13923"}],"wp:attachment":[{"href":"https:\/\/www.territoires-audacieux.fr\/GrandBergeracois\/wp-json\/wp\/v2\/media?parent=13919"}],"wp:term":[{"taxonomy":"category","embeddable":true,"href":"https:\/\/www.territoires-audacieux.fr\/GrandBergeracois\/wp-json\/wp\/v2\/categories?post=13919"},{"taxonomy":"post_tag","embeddable":true,"href":"https:\/\/www.territoires-audacieux.fr\/GrandBergeracois\/wp-json\/wp\/v2\/tags?post=13919"}],"curies":[{"name":"wp","href":"https:\/\/api.w.org\/{rel}","templated":true}]}}